{"id":12,"date":"2021-08-12T20:02:47","date_gmt":"2021-08-12T18:02:47","guid":{"rendered":"http:\/\/ehwkkuy.cluster028.hosting.ovh.net\/?page_id=12"},"modified":"2022-10-11T08:45:44","modified_gmt":"2022-10-11T06:45:44","slug":"qui-suis-je","status":"publish","type":"page","link":"https:\/\/arboretsens-rse.fr\/index.php\/qui-suis-je\/","title":{"rendered":"Il \u00e9tait une fois&#8230;"},"content":{"rendered":"\n<h1>\u00ab\u00a0Le respect des \u00eatres humains et de l\u2019environnement m\u2019a toujours anim\u00e9&nbsp;!\u00a0\u00bb<\/h1>\n\n\n\n<p><strong>Une fillette \u00e9prise de justice, la projection d\u2019une carri\u00e8re de magistrate, l\u2019enseignement du Droit et du D\u00e9veloppement Durable aupr\u00e8s de futurs managers pendant plus de 25 ans, la gestion d\u2019un service de Responsabilit\u00e9 Soci\u00e9tale de l\u2019Entreprise durant 11 ans, divers engagements associatifs et politiques, ont fait de moi une personne exp\u00e9riment\u00e9e et d\u00e9termin\u00e9e.<\/strong><\/p>\n\n\n\n<figure class=\"wp-block-gallery alignright has-nested-images columns-default is-cropped\">\n<figure class=\"wp-block-image size-full\"><img loading=\"lazy\" width=\"2560\" height=\"1873\" data-id=\"62\"  src=\"http:\/\/ehwkkuy.cluster028.hosting.ovh.net\/wp-content\/uploads\/2021\/08\/CM-scaled.jpg\" alt=\"\" class=\"wp-image-62\" srcset=\"https:\/\/arboretsens-rse.fr\/wp-content\/uploads\/2021\/08\/CM-scaled.jpg 2560w, https:\/\/arboretsens-rse.fr\/wp-content\/uploads\/2021\/08\/CM-300x219.jpg 300w, https:\/\/arboretsens-rse.fr\/wp-content\/uploads\/2021\/08\/CM-1024x749.jpg 1024w, https:\/\/arboretsens-rse.fr\/wp-content\/uploads\/2021\/08\/CM-768x562.jpg 768w, https:\/\/arboretsens-rse.fr\/wp-content\/uploads\/2021\/08\/CM-1536x1124.jpg 1536w\" sizes=\"(max-width: 2560px) 100vw, 2560px\" \/><\/figure>\n<figcaption class=\"blocks-gallery-caption\">Christine Morin, fondatrice d&rsquo;Arbor &amp; Sens<\/figcaption><\/figure>\n\n\n\n<h2><strong>Qui suis-je&nbsp;? <\/strong><\/h2>\n\n\n\n<p>Christine Morin, n\u00e9e en Champagne, venue faire ses \u00e9tudes de Droit p\u00e9nal et Sciences Criminelles \u00e0 Nancy. <\/p>\n\n\n\n<p>Mon Doctorat en poche, je suis recrut\u00e9e par la <strong>facult\u00e9 de Droit et ICN Business School<\/strong> pour enseigner le Droit. <strong>L\u2019ouverture d\u2019esprit, le dynamisme et la bienveillance <\/strong>de la grande \u00e9cole de management m\u2019ont permis de m\u2019\u00e9panouir et d\u2019apprendre beaucoup au contact des \u00e9tudiants, des enseignants et personnels administratifs. <\/p>\n\n\n\n<p>Durant ces 25 ans, <strong>j\u2019ai g\u00e9r\u00e9 le d\u00e9partement Environnement des Affaires<\/strong> compos\u00e9 d\u2019enseignants principalement \u00e9conomistes et juristes, une licence professionnelle, le programme grande \u00e9cole (Master 2) et les 11 derni\u00e8res ann\u00e9es, <strong>le service D\u00e9veloppement Durable et Responsabilit\u00e9 Soci\u00e9tale.<\/strong><br><\/p>\n\n\n\n<p>A cette fonction,<strong> j\u2019ai d\u00e9velopp\u00e9 la politique RSE de l\u2019\u00e9cole et contribu\u00e9 \u00e0 celle du Campus Artem. <\/strong>J\u2019ai anim\u00e9 un comit\u00e9 de pilotage de plus de 20 personnes repr\u00e9sentant les services et d\u00e9partements de l\u2019\u00e9cole. De tr\u00e8s nombreuses actions ont \u00e9t\u00e9 d\u00e9ploy\u00e9es impliquant les personnels, les \u00e9tudiants, les dipl\u00f4m\u00e9s, les entreprises, des collectivit\u00e9s locales et des associations. En 2018 et 2020, j\u2019y ai pilot\u00e9 <a href=\"https:\/\/certification.afnor.org\/developpement-durable-rse\/label-engage-rse#:~:text=AFNOR%20Certification%20propose%20aux%20structures,d%C3%A9livrance%20du%20Label%20Engag%C3%A9%20RSE.\" target=\"_blank\" rel=\"noreferrer noopener\">l\u2019\u00e9valuation Engag\u00e9 RSE en lien avec l\u2019AFNOR<\/a>, soutenu par le Fonds de dotation.<\/p>\n\n\n\n<h2>2021, Arbor &amp; Sens est n\u00e9e&nbsp;!<\/h2>\n\n\n\n<figure class=\"wp-block-gallery alignleft has-nested-images columns-default is-cropped\">\n<figure class=\"wp-block-image size-large is-style-default\"><img loading=\"lazy\" width=\"768\" height=\"1024\" data-id=\"275\"  src=\"https:\/\/arboretsens-rse.fr\/wp-content\/uploads\/2021\/10\/IMG_7740-min-768x1024.jpg\" alt=\"\" class=\"wp-image-275\" srcset=\"https:\/\/arboretsens-rse.fr\/wp-content\/uploads\/2021\/10\/IMG_7740-min-768x1024.jpg 768w, https:\/\/arboretsens-rse.fr\/wp-content\/uploads\/2021\/10\/IMG_7740-min-225x300.jpg 225w, https:\/\/arboretsens-rse.fr\/wp-content\/uploads\/2021\/10\/IMG_7740-min-1152x1536.jpg 1152w, https:\/\/arboretsens-rse.fr\/wp-content\/uploads\/2021\/10\/IMG_7740-min-1536x2048.jpg 1536w, https:\/\/arboretsens-rse.fr\/wp-content\/uploads\/2021\/10\/IMG_7740-min-scaled.jpg 1920w\" sizes=\"(max-width: 768px) 100vw, 768px\" \/><\/figure>\n<figcaption class=\"blocks-gallery-caption\"><meta charset=\"utf-8\">Tableau \u00ab&nbsp;Qui suis-je&nbsp;?&nbsp;\u00bb de V\u00e9ra Ivanaj, ayant tr\u00e8s largement inspir\u00e9 mon logo<\/figcaption><\/figure>\n\n\n\n<p><strong>L\u2019exp\u00e9rience, les convictions et la d\u00e9termination m\u2019ont permis de sauter le pas et d\u2019entrer dans la grande famille des entrepreneures. <\/strong>Du r\u00e9seau des entreprises \u00e0 impact qui cherchent \u00e0 entrainer dans leur sillage d\u2019autres entreprises&nbsp;!<\/p>\n\n\n\n<p><strong>Arbor &amp; Sens<\/strong> est donc pr\u00e9sente sur le march\u00e9 <strong>pour :<\/strong><\/p>\n\n\n\n<ul><li><strong>travailler avec vous votre projet d\u2019entreprise,<\/strong> <\/li><li>redonner du sens au quotidien, <\/li><li>fid\u00e9liser, motiver et impliquer vos collaborateurs, <\/li><li>vous aider \u00e0 recruter les talents dont vous avez besoin, <\/li><li>am\u00e9liorer votre image de marque et votre marque employeur, <\/li><li>attirer la nouvelle g\u00e9n\u00e9ration, <\/li><li>construire et\/ou r\u00e9nover votre politique RSE,<\/li><li>permettre d\u2019ancrer l\u2019innovation au sein de vos pratiques, <\/li><li>rendre vertueuse l\u2019ensemble de votre chaine de valeur, <\/li><li>renforcer vos achats responsables et vous assurer du respect des Droits de l\u2019homme partout dans le monde, <\/li><li>accroitre vos parts de march\u00e9 et augmenter votre comp\u00e9titivit\u00e9, <\/li><li>d\u00e9velopper votre diff\u00e9renciation, pour une entreprise p\u00e9renne et durable. <\/li><\/ul>\n\n\n\n<p><strong>Arbor &amp; Sens<\/strong> fonctionne en guichet unique, simplifiant et fluidifiant la vie de l\u2019entreprise. Des experts th\u00e9matiques de mon r\u00e9seau pourront \u00eatre sollicit\u00e9s afin de compl\u00e9ter l\u2019expertise et la recherche de solutions.<\/p>\n\n\n\n<div class=\"wp-container-1 wp-block-buttons\">\n<div class=\"wp-block-button\"><a class=\"wp-block-button__link has-white-color has-text-color has-background\" href=\"mailto: christine.morin@arboretsens-rse.fr\" style=\"border-radius:0px;background-color:#1a94ab\"><strong>Contactez-moi !<\/strong><\/a><\/div>\n<\/div>\n","protected":false},"excerpt":{"rendered":"<p>\u00ab\u00a0Le respect des \u00eatres humains et de l\u2019environnement m\u2019a toujours anim\u00e9&nbsp;!\u00a0\u00bb Une fillette \u00e9prise de justice, la projection d\u2019une carri\u00e8re de magistrate, l\u2019enseignement du Droit et du D\u00e9veloppement Durable aupr\u00e8s de futurs managers pendant plus de 25 ans, la gestion d\u2019un service de Responsabilit\u00e9 Soci\u00e9tale de l\u2019Entreprise durant 11 ans, divers engagements associatifs et politiques, &hellip;<\/p>\n","protected":false},"author":2,"featured_media":0,"parent":0,"menu_order":0,"comment_status":"closed","ping_status":"closed","template":"","meta":[],"yoast_head":"<!-- This site is optimized with the Yoast SEO plugin v18.3 - https:\/\/yoast.com\/wordpress\/plugins\/seo\/ -->\n<title>Il \u00e9tait une fois... - Arbor&amp;Sens RSE<\/title>\n<meta name=\"robots\" content=\"index, follow, max-snippet:-1, max-image-preview:large, max-video-preview:-1\" \/>\n<link rel=\"canonical\" href=\"https:\/\/arboretsens-rse.fr\/index.php\/qui-suis-je\/\" \/>\n<meta property=\"og:locale\" content=\"fr_FR\" \/>\n<meta property=\"og:type\" content=\"article\" \/>\n<meta property=\"og:title\" content=\"Il \u00e9tait une fois... - Arbor&amp;Sens RSE\" \/>\n<meta property=\"og:description\" content=\"\u00ab\u00a0Le respect des \u00eatres humains et de l\u2019environnement m\u2019a toujours anim\u00e9&nbsp;!\u00a0\u00bb Une fillette \u00e9prise de justice, la projection d\u2019une carri\u00e8re de magistrate, l\u2019enseignement du Droit et du D\u00e9veloppement Durable aupr\u00e8s de futurs managers pendant plus de 25 ans, la gestion d\u2019un service de Responsabilit\u00e9 Soci\u00e9tale de l\u2019Entreprise durant 11 ans, divers engagements associatifs et politiques, &hellip;\" \/>\n<meta property=\"og:url\" content=\"https:\/\/arboretsens-rse.fr\/index.php\/qui-suis-je\/\" \/>\n<meta property=\"og:site_name\" content=\"Arbor&amp;Sens RSE\" \/>\n<meta property=\"article:modified_time\" content=\"2022-10-11T06:45:44+00:00\" \/>\n<meta property=\"og:image\" content=\"http:\/\/ehwkkuy.cluster028.hosting.ovh.net\/wp-content\/uploads\/2021\/08\/CM-scaled.jpg\" \/>\n<meta name=\"twitter:card\" content=\"summary_large_image\" \/>\n<meta name=\"twitter:label1\" content=\"Dur\u00e9e de lecture estim\u00e9e\" \/>\n\t<meta name=\"twitter:data1\" content=\"3 minutes\" \/>\n<script type=\"application\/ld+json\" class=\"yoast-schema-graph\">{\"@context\":\"https:\/\/schema.org\",\"@graph\":[{\"@type\":\"WebSite\",\"@id\":\"https:\/\/arboretsens-rse.fr\/#website\",\"url\":\"https:\/\/arboretsens-rse.fr\/\",\"name\":\"Arbor&amp;Sens RSE\",\"description\":\"RSE, valeurs et performance\",\"potentialAction\":[{\"@type\":\"SearchAction\",\"target\":{\"@type\":\"EntryPoint\",\"urlTemplate\":\"https:\/\/arboretsens-rse.fr\/?s={search_term_string}\"},\"query-input\":\"required name=search_term_string\"}],\"inLanguage\":\"fr-FR\"},{\"@type\":\"ImageObject\",\"@id\":\"https:\/\/arboretsens-rse.fr\/index.php\/qui-suis-je\/#primaryimage\",\"inLanguage\":\"fr-FR\",\"url\":\"http:\/\/ehwkkuy.cluster028.hosting.ovh.net\/wp-content\/uploads\/2021\/08\/CM-scaled.jpg\",\"contentUrl\":\"http:\/\/ehwkkuy.cluster028.hosting.ovh.net\/wp-content\/uploads\/2021\/08\/CM-scaled.jpg\"},{\"@type\":\"WebPage\",\"@id\":\"https:\/\/arboretsens-rse.fr\/index.php\/qui-suis-je\/#webpage\",\"url\":\"https:\/\/arboretsens-rse.fr\/index.php\/qui-suis-je\/\",\"name\":\"Il \u00e9tait une fois... - Arbor&amp;Sens RSE\",\"isPartOf\":{\"@id\":\"https:\/\/arboretsens-rse.fr\/#website\"},\"primaryImageOfPage\":{\"@id\":\"https:\/\/arboretsens-rse.fr\/index.php\/qui-suis-je\/#primaryimage\"},\"datePublished\":\"2021-08-12T18:02:47+00:00\",\"dateModified\":\"2022-10-11T06:45:44+00:00\",\"breadcrumb\":{\"@id\":\"https:\/\/arboretsens-rse.fr\/index.php\/qui-suis-je\/#breadcrumb\"},\"inLanguage\":\"fr-FR\",\"potentialAction\":[{\"@type\":\"ReadAction\",\"target\":[\"https:\/\/arboretsens-rse.fr\/index.php\/qui-suis-je\/\"]}]},{\"@type\":\"BreadcrumbList\",\"@id\":\"https:\/\/arboretsens-rse.fr\/index.php\/qui-suis-je\/#breadcrumb\",\"itemListElement\":[{\"@type\":\"ListItem\",\"position\":1,\"name\":\"Accueil\",\"item\":\"https:\/\/arboretsens-rse.fr\/\"},{\"@type\":\"ListItem\",\"position\":2,\"name\":\"Il \u00e9tait une fois&#8230;\"}]}]}<\/script>\n<!-- \/ Yoast SEO plugin. -->","yoast_head_json":{"title":"Il \u00e9tait une fois... - Arbor&amp;Sens RSE","robots":{"index":"index","follow":"follow","max-snippet":"max-snippet:-1","max-image-preview":"max-image-preview:large","max-video-preview":"max-video-preview:-1"},"canonical":"https:\/\/arboretsens-rse.fr\/index.php\/qui-suis-je\/","og_locale":"fr_FR","og_type":"article","og_title":"Il \u00e9tait une fois... - Arbor&amp;Sens RSE","og_description":"\u00ab\u00a0Le respect des \u00eatres humains et de l\u2019environnement m\u2019a toujours anim\u00e9&nbsp;!\u00a0\u00bb Une fillette \u00e9prise de justice, la projection d\u2019une carri\u00e8re de magistrate, l\u2019enseignement du Droit et du D\u00e9veloppement Durable aupr\u00e8s de futurs managers pendant plus de 25 ans, la gestion d\u2019un service de Responsabilit\u00e9 Soci\u00e9tale de l\u2019Entreprise durant 11 ans, divers engagements associatifs et politiques, &hellip;","og_url":"https:\/\/arboretsens-rse.fr\/index.php\/qui-suis-je\/","og_site_name":"Arbor&amp;Sens RSE","article_modified_time":"2022-10-11T06:45:44+00:00","og_image":[{"url":"http:\/\/ehwkkuy.cluster028.hosting.ovh.net\/wp-content\/uploads\/2021\/08\/CM-scaled.jpg"}],"twitter_card":"summary_large_image","twitter_misc":{"Dur\u00e9e de lecture estim\u00e9e":"3 minutes"},"schema":{"@context":"https:\/\/schema.org","@graph":[{"@type":"WebSite","@id":"https:\/\/arboretsens-rse.fr\/#website","url":"https:\/\/arboretsens-rse.fr\/","name":"Arbor&amp;Sens RSE","description":"RSE, valeurs et performance","potentialAction":[{"@type":"SearchAction","target":{"@type":"EntryPoint","urlTemplate":"https:\/\/arboretsens-rse.fr\/?s={search_term_string}"},"query-input":"required name=search_term_string"}],"inLanguage":"fr-FR"},{"@type":"ImageObject","@id":"https:\/\/arboretsens-rse.fr\/index.php\/qui-suis-je\/#primaryimage","inLanguage":"fr-FR","url":"http:\/\/ehwkkuy.cluster028.hosting.ovh.net\/wp-content\/uploads\/2021\/08\/CM-scaled.jpg","contentUrl":"http:\/\/ehwkkuy.cluster028.hosting.ovh.net\/wp-content\/uploads\/2021\/08\/CM-scaled.jpg"},{"@type":"WebPage","@id":"https:\/\/arboretsens-rse.fr\/index.php\/qui-suis-je\/#webpage","url":"https:\/\/arboretsens-rse.fr\/index.php\/qui-suis-je\/","name":"Il \u00e9tait une fois... - Arbor&amp;Sens RSE","isPartOf":{"@id":"https:\/\/arboretsens-rse.fr\/#website"},"primaryImageOfPage":{"@id":"https:\/\/arboretsens-rse.fr\/index.php\/qui-suis-je\/#primaryimage"},"datePublished":"2021-08-12T18:02:47+00:00","dateModified":"2022-10-11T06:45:44+00:00","breadcrumb":{"@id":"https:\/\/arboretsens-rse.fr\/index.php\/qui-suis-je\/#breadcrumb"},"inLanguage":"fr-FR","potentialAction":[{"@type":"ReadAction","target":["https:\/\/arboretsens-rse.fr\/index.php\/qui-suis-je\/"]}]},{"@type":"BreadcrumbList","@id":"https:\/\/arboretsens-rse.fr\/index.php\/qui-suis-je\/#breadcrumb","itemListElement":[{"@type":"ListItem","position":1,"name":"Accueil","item":"https:\/\/arboretsens-rse.fr\/"},{"@type":"ListItem","position":2,"name":"Il \u00e9tait une fois&#8230;"}]}]}},"_links":{"self":[{"href":"https:\/\/arboretsens-rse.fr\/index.php\/wp-json\/wp\/v2\/pages\/12"}],"collection":[{"href":"https:\/\/arboretsens-rse.fr\/index.php\/wp-json\/wp\/v2\/pages"}],"about":[{"href":"https:\/\/arboretsens-rse.fr\/index.php\/wp-json\/wp\/v2\/types\/page"}],"author":[{"embeddable":true,"href":"https:\/\/arboretsens-rse.fr\/index.php\/wp-json\/wp\/v2\/users\/2"}],"replies":[{"embeddable":true,"href":"https:\/\/arboretsens-rse.fr\/index.php\/wp-json\/wp\/v2\/comments?post=12"}],"version-history":[{"count":47,"href":"https:\/\/arboretsens-rse.fr\/index.php\/wp-json\/wp\/v2\/pages\/12\/revisions"}],"predecessor-version":[{"id":545,"href":"https:\/\/arboretsens-rse.fr\/index.php\/wp-json\/wp\/v2\/pages\/12\/revisions\/545"}],"wp:attachment":[{"href":"https:\/\/arboretsens-rse.fr\/index.php\/wp-json\/wp\/v2\/media?parent=12"}],"curies":[{"name":"wp","href":"https:\/\/api.w.org\/{rel}","templated":true}]}}