{"id":13,"date":"2021-08-12T20:02:47","date_gmt":"2021-08-12T18:02:47","guid":{"rendered":"http:\/\/ehwkkuy.cluster028.hosting.ovh.net\/?page_id=13"},"modified":"2022-10-11T08:44:53","modified_gmt":"2022-10-11T06:44:53","slug":"prestations","status":"publish","type":"page","link":"https:\/\/arboretsens-rse.fr\/index.php\/prestations\/","title":{"rendered":"Les prestations"},"content":{"rendered":"\n<h1><mark style=\"background-color:rgba(0, 0, 0, 0);color:#167f91\" class=\"has-inline-color\">Les prestations d&rsquo;Arbor &amp; Sens<\/mark><\/h1>\n\n\n\n<p>Arbor &amp; Sens s\u2019adapte \u00e0 vos probl\u00e9matiques, qu\u2019elles soient strat\u00e9giques, \u00e9conomiques, sociales,<br>soci\u00e9tales et\/ou \u00e9cologiques et vous accompagne dans la recherche et la mise en place de<br>solutions responsables et \u00e0 Impact positif.<\/p>\n\n\n\n<h2><kbd><span style=\"color:#13a7c1\" class=\"has-inline-color\">Principales prestations<\/span><\/kbd><\/h2>\n\n\n\n<ul><li><strong>Formation \u00e0 la RSE\/RSO<\/strong> (Responsabilit\u00e9 Soci\u00e9tale des Entreprises\/Organisations) pour les \u00e9quipes dirigeantes et les collaborateurs en entreprises et pour tous les publics ;<\/li><\/ul>\n\n\n\n<ul><li><strong>Audit des pratiques<\/strong> des entreprises et organismes publics pour mettre en \u00e9vidence les pratiques responsables et \u00e0 Impact d\u00e9j\u00e0 existantes ;<\/li><\/ul>\n\n\n\n<ul><li><strong>Accompagnement court\/moyen\/long terme<\/strong> des entreprises et organismes publics vers la transition sociale, soci\u00e9tale, \u00e9cologique et \u00e9conomique. Exemples&nbsp;:<ul><li>Ateliers de co-construction pour penser\/repenser la mission, la vision et les valeurs<\/li><li>Int\u00e9gration des parties prenantes<\/li><li>Mise en place et\/ou pilotage de comit\u00e9s ad hoc<\/li><li>Construction, d\u00e9ploiement et suivi de politique RSE<\/li><li>Pr\u00e9paration \u00e0 la certification et labellisation RSE<\/li><li>Accompagnement des personnels vers des missions plus DD\/RSE<\/li><\/ul><\/li><\/ul>\n\n\n\n<ul><li><strong>Cr\u00e9ation, animation et gestion de communaut\u00e9s ouvertes<\/strong> d\u2019entreprises, institutions publiques, associations visant cet Impact positif<\/li><\/ul>\n\n\n\n<div class=\"wp-container-1 wp-block-buttons\">\n<div class=\"wp-block-button\"><a class=\"wp-block-button__link has-white-color has-text-color has-background\" href=\"mailto: christine.morin@arboretsens-rse.fr\" style=\"border-radius:0px;background-color:#1a94ab\"><strong>Contactez-moi !<\/strong><\/a><\/div>\n<\/div>\n\n\n\n<div class=\"wp-container-3 wp-block-group\"><div class=\"wp-block-group__inner-container\">\n<div class=\"wp-container-2 wp-block-group\"><div class=\"wp-block-group__inner-container\"><\/div><\/div>\n<\/div><\/div>\n","protected":false},"excerpt":{"rendered":"<p>Les prestations d&rsquo;Arbor &amp; Sens Arbor &amp; Sens s\u2019adapte \u00e0 vos probl\u00e9matiques, qu\u2019elles soient strat\u00e9giques, \u00e9conomiques, sociales,soci\u00e9tales et\/ou \u00e9cologiques et vous accompagne dans la recherche et la mise en place desolutions responsables et \u00e0 Impact positif. Principales prestations Formation \u00e0 la RSE\/RSO (Responsabilit\u00e9 Soci\u00e9tale des Entreprises\/Organisations) pour les \u00e9quipes dirigeantes et les collaborateurs en entreprises &hellip;<\/p>\n","protected":false},"author":2,"featured_media":0,"parent":0,"menu_order":0,"comment_status":"closed","ping_status":"closed","template":"","meta":[],"yoast_head":"<!-- This site is optimized with the Yoast SEO plugin v18.3 - https:\/\/yoast.com\/wordpress\/plugins\/seo\/ -->\n<title>Les prestations - Arbor&amp;Sens RSE<\/title>\n<meta name=\"robots\" content=\"index, follow, max-snippet:-1, max-image-preview:large, max-video-preview:-1\" \/>\n<link rel=\"canonical\" href=\"https:\/\/arboretsens-rse.fr\/index.php\/prestations\/\" \/>\n<meta property=\"og:locale\" content=\"fr_FR\" \/>\n<meta property=\"og:type\" content=\"article\" \/>\n<meta property=\"og:title\" content=\"Les prestations - Arbor&amp;Sens RSE\" \/>\n<meta property=\"og:description\" content=\"Les prestations d&rsquo;Arbor &amp; Sens Arbor &amp; Sens s\u2019adapte \u00e0 vos probl\u00e9matiques, qu\u2019elles soient strat\u00e9giques, \u00e9conomiques, sociales,soci\u00e9tales et\/ou \u00e9cologiques et vous accompagne dans la recherche et la mise en place desolutions responsables et \u00e0 Impact positif. Principales prestations Formation \u00e0 la RSE\/RSO (Responsabilit\u00e9 Soci\u00e9tale des Entreprises\/Organisations) pour les \u00e9quipes dirigeantes et les collaborateurs en entreprises &hellip;\" \/>\n<meta property=\"og:url\" content=\"https:\/\/arboretsens-rse.fr\/index.php\/prestations\/\" \/>\n<meta property=\"og:site_name\" content=\"Arbor&amp;Sens RSE\" \/>\n<meta property=\"article:modified_time\" content=\"2022-10-11T06:44:53+00:00\" \/>\n<meta name=\"twitter:card\" content=\"summary_large_image\" \/>\n<meta name=\"twitter:label1\" content=\"Dur\u00e9e de lecture estim\u00e9e\" \/>\n\t<meta name=\"twitter:data1\" content=\"1 minute\" \/>\n<script type=\"application\/ld+json\" class=\"yoast-schema-graph\">{\"@context\":\"https:\/\/schema.org\",\"@graph\":[{\"@type\":\"WebSite\",\"@id\":\"https:\/\/arboretsens-rse.fr\/#website\",\"url\":\"https:\/\/arboretsens-rse.fr\/\",\"name\":\"Arbor&amp;Sens RSE\",\"description\":\"RSE, valeurs et performance\",\"potentialAction\":[{\"@type\":\"SearchAction\",\"target\":{\"@type\":\"EntryPoint\",\"urlTemplate\":\"https:\/\/arboretsens-rse.fr\/?s={search_term_string}\"},\"query-input\":\"required name=search_term_string\"}],\"inLanguage\":\"fr-FR\"},{\"@type\":\"WebPage\",\"@id\":\"https:\/\/arboretsens-rse.fr\/index.php\/prestations\/#webpage\",\"url\":\"https:\/\/arboretsens-rse.fr\/index.php\/prestations\/\",\"name\":\"Les prestations - Arbor&amp;Sens RSE\",\"isPartOf\":{\"@id\":\"https:\/\/arboretsens-rse.fr\/#website\"},\"datePublished\":\"2021-08-12T18:02:47+00:00\",\"dateModified\":\"2022-10-11T06:44:53+00:00\",\"breadcrumb\":{\"@id\":\"https:\/\/arboretsens-rse.fr\/index.php\/prestations\/#breadcrumb\"},\"inLanguage\":\"fr-FR\",\"potentialAction\":[{\"@type\":\"ReadAction\",\"target\":[\"https:\/\/arboretsens-rse.fr\/index.php\/prestations\/\"]}]},{\"@type\":\"BreadcrumbList\",\"@id\":\"https:\/\/arboretsens-rse.fr\/index.php\/prestations\/#breadcrumb\",\"itemListElement\":[{\"@type\":\"ListItem\",\"position\":1,\"name\":\"Accueil\",\"item\":\"https:\/\/arboretsens-rse.fr\/\"},{\"@type\":\"ListItem\",\"position\":2,\"name\":\"Les prestations\"}]}]}<\/script>\n<!-- \/ Yoast SEO plugin. -->","yoast_head_json":{"title":"Les prestations - Arbor&amp;Sens RSE","robots":{"index":"index","follow":"follow","max-snippet":"max-snippet:-1","max-image-preview":"max-image-preview:large","max-video-preview":"max-video-preview:-1"},"canonical":"https:\/\/arboretsens-rse.fr\/index.php\/prestations\/","og_locale":"fr_FR","og_type":"article","og_title":"Les prestations - Arbor&amp;Sens RSE","og_description":"Les prestations d&rsquo;Arbor &amp; Sens Arbor &amp; Sens s\u2019adapte \u00e0 vos probl\u00e9matiques, qu\u2019elles soient strat\u00e9giques, \u00e9conomiques, sociales,soci\u00e9tales et\/ou \u00e9cologiques et vous accompagne dans la recherche et la mise en place desolutions responsables et \u00e0 Impact positif. Principales prestations Formation \u00e0 la RSE\/RSO (Responsabilit\u00e9 Soci\u00e9tale des Entreprises\/Organisations) pour les \u00e9quipes dirigeantes et les collaborateurs en entreprises &hellip;","og_url":"https:\/\/arboretsens-rse.fr\/index.php\/prestations\/","og_site_name":"Arbor&amp;Sens RSE","article_modified_time":"2022-10-11T06:44:53+00:00","twitter_card":"summary_large_image","twitter_misc":{"Dur\u00e9e de lecture estim\u00e9e":"1 minute"},"schema":{"@context":"https:\/\/schema.org","@graph":[{"@type":"WebSite","@id":"https:\/\/arboretsens-rse.fr\/#website","url":"https:\/\/arboretsens-rse.fr\/","name":"Arbor&amp;Sens RSE","description":"RSE, valeurs et performance","potentialAction":[{"@type":"SearchAction","target":{"@type":"EntryPoint","urlTemplate":"https:\/\/arboretsens-rse.fr\/?s={search_term_string}"},"query-input":"required name=search_term_string"}],"inLanguage":"fr-FR"},{"@type":"WebPage","@id":"https:\/\/arboretsens-rse.fr\/index.php\/prestations\/#webpage","url":"https:\/\/arboretsens-rse.fr\/index.php\/prestations\/","name":"Les prestations - Arbor&amp;Sens RSE","isPartOf":{"@id":"https:\/\/arboretsens-rse.fr\/#website"},"datePublished":"2021-08-12T18:02:47+00:00","dateModified":"2022-10-11T06:44:53+00:00","breadcrumb":{"@id":"https:\/\/arboretsens-rse.fr\/index.php\/prestations\/#breadcrumb"},"inLanguage":"fr-FR","potentialAction":[{"@type":"ReadAction","target":["https:\/\/arboretsens-rse.fr\/index.php\/prestations\/"]}]},{"@type":"BreadcrumbList","@id":"https:\/\/arboretsens-rse.fr\/index.php\/prestations\/#breadcrumb","itemListElement":[{"@type":"ListItem","position":1,"name":"Accueil","item":"https:\/\/arboretsens-rse.fr\/"},{"@type":"ListItem","position":2,"name":"Les prestations"}]}]}},"_links":{"self":[{"href":"https:\/\/arboretsens-rse.fr\/index.php\/wp-json\/wp\/v2\/pages\/13"}],"collection":[{"href":"https:\/\/arboretsens-rse.fr\/index.php\/wp-json\/wp\/v2\/pages"}],"about":[{"href":"https:\/\/arboretsens-rse.fr\/index.php\/wp-json\/wp\/v2\/types\/page"}],"author":[{"embeddable":true,"href":"https:\/\/arboretsens-rse.fr\/index.php\/wp-json\/wp\/v2\/users\/2"}],"replies":[{"embeddable":true,"href":"https:\/\/arboretsens-rse.fr\/index.php\/wp-json\/wp\/v2\/comments?post=13"}],"version-history":[{"count":30,"href":"https:\/\/arboretsens-rse.fr\/index.php\/wp-json\/wp\/v2\/pages\/13\/revisions"}],"predecessor-version":[{"id":544,"href":"https:\/\/arboretsens-rse.fr\/index.php\/wp-json\/wp\/v2\/pages\/13\/revisions\/544"}],"wp:attachment":[{"href":"https:\/\/arboretsens-rse.fr\/index.php\/wp-json\/wp\/v2\/media?parent=13"}],"curies":[{"name":"wp","href":"https:\/\/api.w.org\/{rel}","templated":true}]}}